{"id":6307,"date":"2025-04-01T14:20:49","date_gmt":"2025-04-01T14:20:49","guid":{"rendered":"https:\/\/newvalpaint.wp.jef.it\/?page_id=6307"},"modified":"2026-02-16T14:25:11","modified_gmt":"2026-02-16T13:25:11","slug":"showroom","status":"publish","type":"page","link":"https:\/\/newvalpaint.wp.jef.it\/it\/showroom","title":{"rendered":"Showroom"},"content":{"rendered":"<div class=\"wpb-content-wrapper\"><p>[vc_row el_class=&#8221;titlepage&#8221;][vc_column][vc_custom_heading text=&#8221;Showroom VALPAINT&#8221; use_theme_fonts=&#8221;yes&#8221; css=&#8221;&#8221;][vc_column_text css=&#8221;&#8221;]VALPAINT, da sempre attenta ad ogni <strong>possibilit\u00e0 di supportare i propri rivenditori<\/strong>, mette a disposizione dei clienti, che vogliono <strong>creare uno showroom VALPAINT<\/strong> a<strong>ll\u2019interno del proprio punto vendita<\/strong>, il supporto progettuale dell\u2019<strong>architetto Alessandro Galimberti<\/strong>.[\/vc_column_text][vc_column_text css=&#8221;&#8221;]L\u2019architetto Galimberti studier\u00e0 gli spazi disponibili, li<strong> organizzer\u00e0 e personalizzer\u00e0 in modo funzionale<\/strong>, per venire incontro ad <strong>ogni esigenza e necessit\u00e0 del cliente<\/strong>, presentando i prodotti nel modo migliore, mantenendo il carattere distintivo dello stile VALPAINT\u2026 \u201c\u00e8 il tuo showroom, solo per te!\u201d[\/vc_column_text][vc_btn title=&#8221;Contattaci per una consulenza&#8221; align=&#8221;left&#8221; i_align=&#8221;right&#8221; i_icon_fontawesome=&#8221;fas fa-arrow-right&#8221; css=&#8221;.vc_custom_1743523904490{margin-bottom: 45px !important;}&#8221; add_icon=&#8221;true&#8221; link=&#8221;url:https%3A%2F%2Fnewvalpaint.wp.jef.it%2Fit%2Fcontattaci|title:Filiera&#8221; el_class=&#8221;mybutton_black&#8221;][vc_single_image image=&#8221;34556&#8243; img_size=&#8221;full&#8221; alignment=&#8221;center&#8221; css=&#8221;&#8221;][vc_single_image image=&#8221;34573&#8243; img_size=&#8221;full&#8221; alignment=&#8221;center&#8221; css=&#8221;&#8221;][\/vc_column][\/vc_row]<\/p>\n<\/div>","protected":false},"excerpt":{"rendered":"<p>[vc_row el_class=&#8221;titlepage&#8221;][vc_column][vc_custom_heading text=&#8221;Showroom VALPAINT&#8221; use_theme_fonts=&#8221;yes&#8221; css=&#8221;&#8221;][vc_column_text css=&#8221;&#8221;]VALPAINT, da sempre attenta ad ogni possibilit\u00e0 di supportare i propri rivenditori, mette a disposizione dei clienti, che vogliono creare uno showroom VALPAINT all\u2019interno del proprio punto vendita, il supporto progettuale dell\u2019architetto Alessandro Galimberti.[\/vc_column_text][vc_column_text css=&#8221;&#8221;]L\u2019architetto Galimberti studier\u00e0 gli spazi disponibili, li organizzer\u00e0 e personalizzer\u00e0 in modo funzionale, per venire [&hellip;]<\/p>\n","protected":false},"author":1,"featured_media":6310,"parent":0,"menu_order":0,"comment_status":"closed","ping_status":"closed","template":"","meta":{"_acf_changed":false,"footnotes":""},"class_list":["post-6307","page","type-page","status-publish","has-post-thumbnail","hentry"],"acf":[],"_links":{"self":[{"href":"https:\/\/newvalpaint.wp.jef.it\/it\/wp-json\/wp\/v2\/pages\/6307","targetHints":{"allow":["GET"]}}],"collection":[{"href":"https:\/\/newvalpaint.wp.jef.it\/it\/wp-json\/wp\/v2\/pages"}],"about":[{"href":"https:\/\/newvalpaint.wp.jef.it\/it\/wp-json\/wp\/v2\/types\/page"}],"author":[{"embeddable":true,"href":"https:\/\/newvalpaint.wp.jef.it\/it\/wp-json\/wp\/v2\/users\/1"}],"replies":[{"embeddable":true,"href":"https:\/\/newvalpaint.wp.jef.it\/it\/wp-json\/wp\/v2\/comments?post=6307"}],"version-history":[{"count":22,"href":"https:\/\/newvalpaint.wp.jef.it\/it\/wp-json\/wp\/v2\/pages\/6307\/revisions"}],"predecessor-version":[{"id":34589,"href":"https:\/\/newvalpaint.wp.jef.it\/it\/wp-json\/wp\/v2\/pages\/6307\/revisions\/34589"}],"wp:featuredmedia":[{"embeddable":true,"href":"https:\/\/newvalpaint.wp.jef.it\/it\/wp-json\/wp\/v2\/media\/6310"}],"wp:attachment":[{"href":"https:\/\/newvalpaint.wp.jef.it\/it\/wp-json\/wp\/v2\/media?parent=6307"}],"curies":[{"name":"wp","href":"https:\/\/api.w.org\/{rel}","templated":true}]}}