{"id":1511,"date":"2025-03-26T11:44:55","date_gmt":"2025-03-26T11:44:55","guid":{"rendered":"https:\/\/newvalpaint.wp.jef.it\/?page_id=1511"},"modified":"2025-04-22T17:10:52","modified_gmt":"2025-04-22T16:10:52","slug":"laboratorio-ricerca-sviluppo","status":"publish","type":"page","link":"https:\/\/newvalpaint.wp.jef.it\/it\/laboratorio-ricerca-sviluppo","title":{"rendered":"Laboratorio R&#038;S"},"content":{"rendered":"<div class=\"wpb-content-wrapper\"><p>[vc_row el_class=&#8221;titlepage&#8221;][vc_column][vc_custom_heading text=&#8221;Laboratorio Ricerca &amp; Sviluppo&#8221; use_theme_fonts=&#8221;yes&#8221; css=&#8221;&#8221;][vc_column_text css=&#8221;&#8221;]VALPAINT \u00e8 considerata <strong>una delle industrie pi\u00f9 avanzate dal punto di vista tecnologico<\/strong> grazie alla dinamica attivit\u00e0 del proprio <strong>Laboratorio di Ricerca e Sviluppo<\/strong>. La continua ricerca di <strong>soluzioni eco-sostenibili<\/strong> e all\u2019avanguardia ha permesso a VALPAINT di escludere l\u2019utilizzo delle sostanze dannose per la salute e l\u2019ambiente, per fare spazio ad <strong>alternative green<\/strong> che consistono nell\u2019utilizzo di <strong>materie prime naturali e rinnovabili<\/strong>.[\/vc_column_text][vc_column_text css=&#8221;&#8221;]La ricerca parte da un\u2019attenta selezione e fidelizzazione di fornitori certificati, a cui si aggiungono <strong>collaborazioni<\/strong> con importanti<strong> enti qualificati come le universit\u00e0 e laboratori specializzati<\/strong>. Lo sviluppo del prodotto consiste nell\u2019applicazione dei migliori metodi scientifici, per proporre al consumatore sempre il meglio, in <strong>QUALIT\u00c0 e PERFORMANCE<\/strong>.[\/vc_column_text][vc_column_text css=&#8221;&#8221;]La recente introduzione di prodotti tecnici ed altamente performanti ha consentito inoltre l\u2019ottenimento di diverse certificazioni. Test specifici e personalizzati sulle esigenze pi\u00f9 comuni del cliente, vengono portati avanti con orgoglio e rigore scientifico, seguendo <strong>standard normativi riconosciuti sia a livello Europeo che Extra-Europeo<\/strong>.[\/vc_column_text][vc_column_text css=&#8221;&#8221;]Ricerca e Sviluppo in VALPAINT si muovono nell\u2019ottica del <strong>continuo miglioramento<\/strong>.[\/vc_column_text][\/vc_column][\/vc_row]<\/p>\n<\/div>","protected":false},"excerpt":{"rendered":"<p>[vc_row el_class=&#8221;titlepage&#8221;][vc_column][vc_custom_heading text=&#8221;Laboratorio Ricerca &amp; Sviluppo&#8221; use_theme_fonts=&#8221;yes&#8221; css=&#8221;&#8221;][vc_column_text css=&#8221;&#8221;]VALPAINT \u00e8 considerata una delle industrie pi\u00f9 avanzate dal punto di vista tecnologico grazie alla dinamica attivit\u00e0 del proprio Laboratorio di Ricerca e Sviluppo. La continua ricerca di soluzioni eco-sostenibili e all\u2019avanguardia ha permesso a VALPAINT di escludere l\u2019utilizzo delle sostanze dannose per la salute e l\u2019ambiente, [&hellip;]<\/p>\n","protected":false},"author":1,"featured_media":1521,"parent":0,"menu_order":0,"comment_status":"closed","ping_status":"closed","template":"","meta":{"_acf_changed":false,"footnotes":""},"class_list":["post-1511","page","type-page","status-publish","has-post-thumbnail","hentry"],"acf":[],"_links":{"self":[{"href":"https:\/\/newvalpaint.wp.jef.it\/it\/wp-json\/wp\/v2\/pages\/1511","targetHints":{"allow":["GET"]}}],"collection":[{"href":"https:\/\/newvalpaint.wp.jef.it\/it\/wp-json\/wp\/v2\/pages"}],"about":[{"href":"https:\/\/newvalpaint.wp.jef.it\/it\/wp-json\/wp\/v2\/types\/page"}],"author":[{"embeddable":true,"href":"https:\/\/newvalpaint.wp.jef.it\/it\/wp-json\/wp\/v2\/users\/1"}],"replies":[{"embeddable":true,"href":"https:\/\/newvalpaint.wp.jef.it\/it\/wp-json\/wp\/v2\/comments?post=1511"}],"version-history":[{"count":11,"href":"https:\/\/newvalpaint.wp.jef.it\/it\/wp-json\/wp\/v2\/pages\/1511\/revisions"}],"predecessor-version":[{"id":31265,"href":"https:\/\/newvalpaint.wp.jef.it\/it\/wp-json\/wp\/v2\/pages\/1511\/revisions\/31265"}],"wp:featuredmedia":[{"embeddable":true,"href":"https:\/\/newvalpaint.wp.jef.it\/it\/wp-json\/wp\/v2\/media\/1521"}],"wp:attachment":[{"href":"https:\/\/newvalpaint.wp.jef.it\/it\/wp-json\/wp\/v2\/media?parent=1511"}],"curies":[{"name":"wp","href":"https:\/\/api.w.org\/{rel}","templated":true}]}}