{"id":1473,"date":"2025-03-19T16:31:50","date_gmt":"2025-03-19T16:31:50","guid":{"rendered":"https:\/\/newvalpaint.wp.jef.it\/?page_id=1473"},"modified":"2026-03-23T16:15:32","modified_gmt":"2026-03-23T15:15:32","slug":"prodotti-sostenibili","status":"publish","type":"page","link":"https:\/\/newvalpaint.wp.jef.it\/it\/sostenibilita\/prodotti-sostenibili","title":{"rendered":"Prodotti sostenibili"},"content":{"rendered":"<div class=\"wpb-content-wrapper\"><p>[vc_row el_class=&#8221;titlepage txt_intro_sostenibilita&#8221;][vc_column][vc_custom_heading text=&#8221;Nuovo concetto di prodotto decorativo&#8221; use_theme_fonts=&#8221;yes&#8221; css=&#8221;&#8221;][vc_column_text css=&#8221;&#8221;]Trent\u2019anni fa ad un prodotto decorativo si richiedeva, in primis, di essere esteticamente gradevole, negli ultimi venti anni per <strong>VALPAINT<\/strong> parlare di \u201cvernici decorative\u201d appare limitativo, in quanto sono maggiori le caratteristiche che possono vantare: maggiori prestazioni tecniche, migliore <strong>rispetto dell\u2019ambiente<\/strong>, sicurezza del prodotto come <strong>abbattimento progressivo delle sostanze nocive<\/strong> in fase liquida e conseguentemente <strong>riduzione della loro emissione in aria<\/strong>.[\/vc_column_text][\/vc_column][\/vc_row][vc_row full_width=&#8221;stretch_row&#8221; equal_height=&#8221;yes&#8221; content_placement=&#8221;middle&#8221; css=&#8221;.vc_custom_1742393653550{background-color: #F1F1F1 !important;}&#8221; el_class=&#8221;row_grey_sostenibilita mypadding_top90&#8243;][vc_column width=&#8221;1\/2&#8243; el_class=&#8221;col_img_sostenibilita&#8221;][vc_single_image image=&#8221;1482&#8243; img_size=&#8221;full&#8221; css=&#8221;&#8221;][\/vc_column][vc_column width=&#8221;1\/2&#8243; el_class=&#8221;txt_block_sostenibilita&#8221;][vc_custom_heading text=&#8221;Certificazioni Green&#8221; font_container=&#8221;tag:h3|text_align:left&#8221; use_theme_fonts=&#8221;yes&#8221; css=&#8221;&#8221; el_class=&#8221;title&#8221;][vc_column_text css=&#8221;&#8221;]VALPAINT ha fatto in modo di abbassare ed in alcuni casi escludere totalmente l\u2019utilizzo di sostanze dannose, trovando alternative green a composti come IPA, APEO, FORMALDEIDE e AMMONIACA all\u2019interno delle sue formulazioni. Grazie a questa ricerca, VALPAINT ha potuto ottenere prestigiose Certificazioni green e ridurre al massimo la gestione di sostanze nocive all\u2019interno del proprio stabilimento produttivo.<br \/>\nTutti i prodotti VALPAINT sono VOC LOW cio\u00e8 a basso contenuto di composti volatili dannosi per l\u2019ambiente e per la salute umana. VALPAINT ha ottenuto la certificazione Giapponese F-FOUR STARS (JISA 1902-3) relativa alla formaldeide e la Classe A+ secondo ISO 16000, che indica il pi\u00f9 basso livello di emissioni indoor.[\/vc_column_text][vc_btn title=&#8221;Certificazioni ambientali&#8221; i_align=&#8221;right&#8221; i_icon_fontawesome=&#8221;fas fa-arrow-right&#8221; css=&#8221;&#8221; add_icon=&#8221;true&#8221; link=&#8221;url:https%3A%2F%2Fnewvalpaint.wp.jef.it%2Fwp-content%2Fuploads%2F2025%2F03%2FLegenda-Loghi-tabella-OK-IT-EN-FR_AGG-Marzo-2022_OK.pdf|target:_blank&#8221; el_class=&#8221;mybutton_green&#8221;][\/vc_column][\/vc_row][vc_row full_width=&#8221;stretch_row&#8221; equal_height=&#8221;yes&#8221; content_placement=&#8221;middle&#8221; css=&#8221;.vc_custom_1742401508794{background-color: #F1F1F1 !important;}&#8221; el_class=&#8221;row_grey_sostenibilita&#8221;][vc_column width=&#8221;1\/2&#8243; el_class=&#8221;txt_block_sostenibilita_left&#8221;][vc_custom_heading text=&#8221;Materie prime Green&#8221; font_container=&#8221;tag:h3|text_align:left&#8221; use_theme_fonts=&#8221;yes&#8221; css=&#8221;&#8221; el_class=&#8221;title&#8221;][vc_column_text css=&#8221;&#8221;]Attenta selezione dei produttori di materie prime, i quali vengono selezionati e scelti in base alla loro forza e capacit\u00e0 di investire in sostenibilit\u00e0 ed innovazione. Alcuni di loro hanno gi\u00e0 fissato l\u2019obiettivo di raggiungere la neutralit\u00e0 climatica ben prima della data fissata dal Consiglio Europeo del Dicembre del 2020.[\/vc_column_text][\/vc_column][vc_column width=&#8221;1\/2&#8243; el_class=&#8221;col_img_sostenibilita&#8221;][vc_single_image image=&#8221;1483&#8243; img_size=&#8221;full&#8221; css=&#8221;&#8221;][\/vc_column][\/vc_row][vc_row full_width=&#8221;stretch_row&#8221; equal_height=&#8221;yes&#8221; content_placement=&#8221;middle&#8221; css=&#8221;.vc_custom_1742393646723{background-color: #F1F1F1 !important;}&#8221; el_class=&#8221;row_grey_sostenibilita mypadding_bottom90&#8243;][vc_column width=&#8221;1\/2&#8243; el_class=&#8221;col_img_sostenibilita&#8221;][vc_single_image image=&#8221;1481&#8243; img_size=&#8221;full&#8221; css=&#8221;&#8221;][\/vc_column][vc_column width=&#8221;1\/2&#8243; el_class=&#8221;txt_block_sostenibilita&#8221;][vc_custom_heading text=&#8221;LCA e Dichiarazione ambientale di Prodotto EPD&#8221; font_container=&#8221;tag:h3|text_align:left&#8221; use_theme_fonts=&#8221;yes&#8221; css=&#8221;&#8221; el_class=&#8221;title&#8221;][vc_column_text css=&#8221;&#8221;]VALPAINT ha quindi iniziato il percorso di definizione dell\u2019insieme di regole comuni, la metodologia di calcolo per definire le prestazioni ambientali in conformit\u00e0 alle norme ISO 14040 ed ISO 14044 (LCA) per poi arrivare al documento EPD di dichiarazione ambientale dei propri prodotti.[\/vc_column_text][\/vc_column][\/vc_row]<\/p>\n<\/div>","protected":false},"excerpt":{"rendered":"<p>[vc_row el_class=&#8221;titlepage txt_intro_sostenibilita&#8221;][vc_column][vc_custom_heading text=&#8221;Nuovo concetto di prodotto decorativo&#8221; use_theme_fonts=&#8221;yes&#8221; css=&#8221;&#8221;][vc_column_text css=&#8221;&#8221;]Trent\u2019anni fa ad un prodotto decorativo si richiedeva, in primis, di essere esteticamente gradevole, negli ultimi venti anni per VALPAINT parlare di \u201cvernici decorative\u201d appare limitativo, in quanto sono maggiori le caratteristiche che possono vantare: maggiori prestazioni tecniche, migliore rispetto dell\u2019ambiente, sicurezza del prodotto come [&hellip;]<\/p>\n","protected":false},"author":1,"featured_media":1507,"parent":1367,"menu_order":0,"comment_status":"closed","ping_status":"closed","template":"","meta":{"_acf_changed":false,"footnotes":""},"class_list":["post-1473","page","type-page","status-publish","has-post-thumbnail","hentry"],"acf":[],"_links":{"self":[{"href":"https:\/\/newvalpaint.wp.jef.it\/it\/wp-json\/wp\/v2\/pages\/1473","targetHints":{"allow":["GET"]}}],"collection":[{"href":"https:\/\/newvalpaint.wp.jef.it\/it\/wp-json\/wp\/v2\/pages"}],"about":[{"href":"https:\/\/newvalpaint.wp.jef.it\/it\/wp-json\/wp\/v2\/types\/page"}],"author":[{"embeddable":true,"href":"https:\/\/newvalpaint.wp.jef.it\/it\/wp-json\/wp\/v2\/users\/1"}],"replies":[{"embeddable":true,"href":"https:\/\/newvalpaint.wp.jef.it\/it\/wp-json\/wp\/v2\/comments?post=1473"}],"version-history":[{"count":10,"href":"https:\/\/newvalpaint.wp.jef.it\/it\/wp-json\/wp\/v2\/pages\/1473\/revisions"}],"predecessor-version":[{"id":66489,"href":"https:\/\/newvalpaint.wp.jef.it\/it\/wp-json\/wp\/v2\/pages\/1473\/revisions\/66489"}],"up":[{"embeddable":true,"href":"https:\/\/newvalpaint.wp.jef.it\/it\/wp-json\/wp\/v2\/pages\/1367"}],"wp:featuredmedia":[{"embeddable":true,"href":"https:\/\/newvalpaint.wp.jef.it\/it\/wp-json\/wp\/v2\/media\/1507"}],"wp:attachment":[{"href":"https:\/\/newvalpaint.wp.jef.it\/it\/wp-json\/wp\/v2\/media?parent=1473"}],"curies":[{"name":"wp","href":"https:\/\/api.w.org\/{rel}","templated":true}]}}