{"id":1459,"date":"2025-03-19T16:13:01","date_gmt":"2025-03-19T16:13:01","guid":{"rendered":"https:\/\/newvalpaint.wp.jef.it\/?page_id=1459"},"modified":"2026-03-23T16:13:13","modified_gmt":"2026-03-23T15:13:13","slug":"filiera","status":"publish","type":"page","link":"https:\/\/newvalpaint.wp.jef.it\/it\/sostenibilita\/filiera","title":{"rendered":"Filiera"},"content":{"rendered":"<div class=\"wpb-content-wrapper\"><p>[vc_row el_class=&#8221;titlepage txt_intro_sostenibilita&#8221;][vc_column][vc_custom_heading text=&#8221;Filiera&#8221; use_theme_fonts=&#8221;yes&#8221; css=&#8221;&#8221;][vc_column_text css=&#8221;&#8221;]In un mondo sempre pi\u00f9 attento all\u2019ambiente, in VALPAINT, la <strong>scelta di fornitori green<\/strong>, sta diventando un\u2019esigenza sempre pi\u00f9 importante.\u00a0Le aziende, sia di grandi dimensioni che di piccole entit\u00e0, hanno la <strong>responsabilit\u00e0 di ridurre il proprio impatto ambientale<\/strong> e di contribuire ad un <strong>futuro pi\u00f9 sostenibile<\/strong>.\u00a0La scelta di partner qualificati che condividono gli stessi principi di VALPAINT \u00e8 un passo importante per ridurre il proprio impatto ambientale e <strong>contribuire ad un futuro pi\u00f9 sostenibile<\/strong>.[\/vc_column_text][\/vc_column][\/vc_row][vc_row el_class=&#8221;row_img_page_cert&#8221;][vc_column][vc_single_image image=&#8221;1463&#8243; img_size=&#8221;full&#8221; alignment=&#8221;center&#8221; css=&#8221;&#8221;][\/vc_column][\/vc_row][vc_row full_width=&#8221;stretch_row&#8221; equal_height=&#8221;yes&#8221; content_placement=&#8221;middle&#8221; css=&#8221;.vc_custom_1742393653550{background-color: #F1F1F1 !important;}&#8221; el_class=&#8221;row_grey_sostenibilita mypadding_top90&#8243;][vc_column width=&#8221;1\/2&#8243; el_class=&#8221;col_img_sostenibilita&#8221;][vc_single_image image=&#8221;1469&#8243; img_size=&#8221;full&#8221; css=&#8221;&#8221;][\/vc_column][vc_column width=&#8221;1\/2&#8243; el_class=&#8221;txt_block_sostenibilita&#8221;][vc_custom_heading text=&#8221;Plastic second life&#8221; font_container=&#8221;tag:h3|text_align:left&#8221; use_theme_fonts=&#8221;yes&#8221; css=&#8221;&#8221; el_class=&#8221;title&#8221;][vc_column_text css=&#8221;&#8221;]Barattoli certificati Plastic Second Life. Il logo Plastic Second Life \u00e8 un\u2019etichetta ambientale che certifica i prodotti e gli articoli realizzati con plastica riciclata post-consumo.<br \/>\nIl logo certifica:<br \/>\n&#8211;\u00a0l\u2019utilizzo di una percentuale di plastica riciclata post-consumo compresa tra il 30% ed il 50%<br \/>\n&#8211; la tracciabilit\u00e0 della plastica riciclata utilizzata<br \/>\n&#8211; la conformit\u00e0 ai requisiti di qualit\u00e0 stabiliti dall\u2019IIP<br \/>\nIl logo aiuta a promuovere l\u2019utilizzo di plastica riciclata, che \u00e8 una soluzione fondamentale per ridurre l\u2019inquinamento da plastica.\u2028Solo nell\u2019anno 2023, grazie all\u2019impiego di questa\u00a0Plastic Second Life, abbiamo risparmiato oltre 44.000 Kg di plastica vergine.[\/vc_column_text][vc_btn title=&#8221;Plastic second life&#8221; i_align=&#8221;right&#8221; i_icon_fontawesome=&#8221;fas fa-arrow-right&#8221; css=&#8221;&#8221; add_icon=&#8221;true&#8221; link=&#8221;url:https%3A%2F%2Fnewvalpaint.wp.jef.it%2Fwp-content%2Fuploads%2F2025%2F03%2FPresentazione-Plastica-seconda-vita-IT.pdf|target:_blank&#8221; el_class=&#8221;mybutton_green&#8221;][\/vc_column][\/vc_row][vc_row full_width=&#8221;stretch_row&#8221; equal_height=&#8221;yes&#8221; content_placement=&#8221;middle&#8221; css=&#8221;.vc_custom_1742401508794{background-color: #F1F1F1 !important;}&#8221; el_class=&#8221;row_grey_sostenibilita&#8221;][vc_column width=&#8221;1\/2&#8243; el_class=&#8221;txt_block_sostenibilita_left&#8221;][vc_custom_heading text=&#8221;Carta Certificata FSC&#8221; font_container=&#8221;tag:h3|text_align:left&#8221; use_theme_fonts=&#8221;yes&#8221; css=&#8221;&#8221; el_class=&#8221;title&#8221;][vc_column_text css=&#8221;&#8221;]I Cataloghi VALPAINT e le Etichette dei barattoli sono realizzati su carta FSC.<br \/>\nLa carta FSC \u00e8 una carta certificata dal Forest Stewardship Council, un\u2019organizzazione internazionale non governativa che mira a promuovere la gestione forestale responsabile in tutto il mondo.<br \/>\nLa certificazione FSC garantisce che la carta sia prodotta da foreste gestite in modo sostenibile, nel rispetto dell\u2019ambiente, delle comunit\u00e0 locali e dei diritti dei lavoratori.[\/vc_column_text][\/vc_column][vc_column width=&#8221;1\/2&#8243; el_class=&#8221;col_img_sostenibilita&#8221;][vc_single_image image=&#8221;1470&#8243; img_size=&#8221;full&#8221; css=&#8221;&#8221;][\/vc_column][\/vc_row][vc_row full_width=&#8221;stretch_row&#8221; equal_height=&#8221;yes&#8221; content_placement=&#8221;middle&#8221; css=&#8221;.vc_custom_1742393646723{background-color: #F1F1F1 !important;}&#8221; el_class=&#8221;row_grey_sostenibilita mypadding_bottom90&#8243;][vc_column width=&#8221;1\/2&#8243; el_class=&#8221;col_img_sostenibilita&#8221;][vc_single_image image=&#8221;1432&#8243; img_size=&#8221;full&#8221; css=&#8221;&#8221;][\/vc_column][vc_column width=&#8221;1\/2&#8243; el_class=&#8221;txt_block_sostenibilita&#8221;][vc_custom_heading text=&#8221;Inchiostri vegetali&#8221; font_container=&#8221;tag:h3|text_align:left&#8221; use_theme_fonts=&#8221;yes&#8221; css=&#8221;&#8221; el_class=&#8221;title&#8221;][vc_column_text css=&#8221;&#8221;]Gli inchiostri utilizzati dai nostri fornitori per le stampe dei Cataloghi VALPAINT sono a base vegetale, quindi conformi alle nostre richieste per garantire un futuro pi\u00f9 sostenibile.[\/vc_column_text][\/vc_column][\/vc_row]<\/p>\n<\/div>","protected":false},"excerpt":{"rendered":"<p>[vc_row el_class=&#8221;titlepage txt_intro_sostenibilita&#8221;][vc_column][vc_custom_heading text=&#8221;Filiera&#8221; use_theme_fonts=&#8221;yes&#8221; css=&#8221;&#8221;][vc_column_text css=&#8221;&#8221;]In un mondo sempre pi\u00f9 attento all\u2019ambiente, in VALPAINT, la scelta di fornitori green, sta diventando un\u2019esigenza sempre pi\u00f9 importante.\u00a0Le aziende, sia di grandi dimensioni che di piccole entit\u00e0, hanno la responsabilit\u00e0 di ridurre il proprio impatto ambientale e di contribuire ad un futuro pi\u00f9 sostenibile.\u00a0La scelta di partner [&hellip;]<\/p>\n","protected":false},"author":1,"featured_media":1472,"parent":1367,"menu_order":0,"comment_status":"closed","ping_status":"closed","template":"","meta":{"_acf_changed":false,"footnotes":""},"class_list":["post-1459","page","type-page","status-publish","has-post-thumbnail","hentry"],"acf":[],"_links":{"self":[{"href":"https:\/\/newvalpaint.wp.jef.it\/it\/wp-json\/wp\/v2\/pages\/1459","targetHints":{"allow":["GET"]}}],"collection":[{"href":"https:\/\/newvalpaint.wp.jef.it\/it\/wp-json\/wp\/v2\/pages"}],"about":[{"href":"https:\/\/newvalpaint.wp.jef.it\/it\/wp-json\/wp\/v2\/types\/page"}],"author":[{"embeddable":true,"href":"https:\/\/newvalpaint.wp.jef.it\/it\/wp-json\/wp\/v2\/users\/1"}],"replies":[{"embeddable":true,"href":"https:\/\/newvalpaint.wp.jef.it\/it\/wp-json\/wp\/v2\/comments?post=1459"}],"version-history":[{"count":9,"href":"https:\/\/newvalpaint.wp.jef.it\/it\/wp-json\/wp\/v2\/pages\/1459\/revisions"}],"predecessor-version":[{"id":66487,"href":"https:\/\/newvalpaint.wp.jef.it\/it\/wp-json\/wp\/v2\/pages\/1459\/revisions\/66487"}],"up":[{"embeddable":true,"href":"https:\/\/newvalpaint.wp.jef.it\/it\/wp-json\/wp\/v2\/pages\/1367"}],"wp:featuredmedia":[{"embeddable":true,"href":"https:\/\/newvalpaint.wp.jef.it\/it\/wp-json\/wp\/v2\/media\/1472"}],"wp:attachment":[{"href":"https:\/\/newvalpaint.wp.jef.it\/it\/wp-json\/wp\/v2\/media?parent=1459"}],"curies":[{"name":"wp","href":"https:\/\/api.w.org\/{rel}","templated":true}]}}