{"id":1367,"date":"2025-03-19T10:52:03","date_gmt":"2025-03-19T10:52:03","guid":{"rendered":"https:\/\/newvalpaint.wp.jef.it\/?page_id=1367"},"modified":"2026-03-23T16:04:52","modified_gmt":"2026-03-23T15:04:52","slug":"sostenibilita","status":"publish","type":"page","link":"https:\/\/newvalpaint.wp.jef.it\/it\/sostenibilita","title":{"rendered":"Sostenibilit\u00e0"},"content":{"rendered":"<div class=\"wpb-content-wrapper\"><p>[vc_row el_class=&#8221;titlepage txt_intro_sostenibilita&#8221;][vc_column][vc_custom_heading text=&#8221;Sostenibilit\u00e0&#8221; use_theme_fonts=&#8221;yes&#8221; css=&#8221;&#8221;][vc_column_text css=&#8221;&#8221;]La sostenibilit\u00e0 \u00e8 una priorit\u00e0 per VALPAINT, infatti riteniamo necessario proteggere l&#8217;ambiente e migliorare la qualit\u00e0 della vita delle persone. Per questo motivo, ci impegniamo a sviluppare prodotti e processi che siano sempre pi\u00f9 sostenibili.<br \/>\nIl nostro obiettivo \u00e8 diventare un&#8217;azienda completamente sostenibile.[\/vc_column_text][vc_column_text css=&#8221;&#8221;]Per raggiungere questo obiettivo, ci impegniamo a:<br \/>\n&#8211; Sviluppare prodotti e processi sempre pi\u00f9 sostenibili;<br \/>\n&#8211; Investire in tecnologie innovative;<br \/>\n&#8211; Collaborare con i nostri fornitori per ridurre l&#8217;impatto ambientale della nostra catena di fornitura.[\/vc_column_text][vc_column_text css=&#8221;&#8221;]Crediamo che la sostenibilit\u00e0 sia un valore fondamentale per il nostro futuro.<br \/>\nL&#8217;ambiente \u00e8 responsabilit\u00e0 di tutti e dobbiamo proteggerlo.[\/vc_column_text][\/vc_column][\/vc_row][vc_row full_width=&#8221;stretch_row_content&#8221; equal_height=&#8221;yes&#8221; content_placement=&#8221;middle&#8221; css=&#8221;.vc_custom_1774278284836{background-color: #F1F1F1 !important;}&#8221; el_class=&#8221;row_grey_sostenibilita&#8221;][vc_column width=&#8221;1\/2&#8243; el_class=&#8221;col_img_sostenibilita testsost&#8221; css=&#8221;.vc_custom_1771329497902{background-image: url(https:\/\/newvalpaint.wp.jef.it\/wp-content\/uploads\/2025\/04\/02Intervista_pittura_decorativa_per_interni.jpg?id=23532) !important;background-position: center !important;background-repeat: no-repeat !important;background-size: cover !important;}&#8221;][\/vc_column][vc_column width=&#8221;1\/2&#8243; el_class=&#8221;txt_block_sostenibilita&#8221;][vc_custom_heading text=&#8221;SOSTENIBILITA'&#8221; font_container=&#8221;tag:h4|text_align:left&#8221; use_theme_fonts=&#8221;yes&#8221; css=&#8221;&#8221; el_class=&#8221;toptitle&#8221;][vc_custom_heading text=&#8221;Azienda e certificazioni&#8221; font_container=&#8221;tag:h3|text_align:left&#8221; use_theme_fonts=&#8221;yes&#8221; css=&#8221;&#8221; el_class=&#8221;title&#8221;][vc_column_text css=&#8221;&#8221;]Valpaint si impegna per un futuro pi\u00f9 sostenibile, adottando processi produttivi eco-friendly e ottenendo certificazioni che garantiscono qualit\u00e0 e rispetto per l\u2019ambiente.[\/vc_column_text][vc_btn title=&#8221;Scopri di pi\u00f9&#8221; i_align=&#8221;right&#8221; i_icon_fontawesome=&#8221;fas fa-arrow-right&#8221; css=&#8221;&#8221; add_icon=&#8221;true&#8221; link=&#8221;url:https%3A%2F%2Fnewvalpaint.wp.jef.it%2Fsostenibilita%2Fcertificazioni|title:Certificazioni&#8221; el_class=&#8221;mybutton_green&#8221;][vc_empty_space height=&#8221;60px&#8221;][vc_custom_heading text=&#8221;La nostra Filiera sostenibile&#8221; font_container=&#8221;tag:h3|text_align:left&#8221; use_theme_fonts=&#8221;yes&#8221; css=&#8221;&#8221; el_class=&#8221;title&#8221;][vc_column_text css=&#8221;&#8221;]Valpaint assicura una filiera controllata e sostenibile, selezionando materie prime di qualit\u00e0 e adottando pratiche responsabili lungo tutto il processo produttivo.[\/vc_column_text][vc_btn title=&#8221;Scopri di pi\u00f9&#8221; i_align=&#8221;right&#8221; i_icon_fontawesome=&#8221;fas fa-arrow-right&#8221; css=&#8221;&#8221; add_icon=&#8221;true&#8221; link=&#8221;url:https%3A%2F%2Fnewvalpaint.wp.jef.it%2Fsostenibilita%2Ffiliera|title:Sostenibilit%C3%A0&#8243; el_class=&#8221;mybutton_green&#8221;][vc_empty_space height=&#8221;60px&#8221;][vc_custom_heading text=&#8221;I nostri prodotti innovativi&#8221; font_container=&#8221;tag:h3|text_align:left&#8221; use_theme_fonts=&#8221;yes&#8221; css=&#8221;&#8221; el_class=&#8221;title&#8221;][vc_column_text css=&#8221;&#8221;]I prodotti VALPAINT uniscono innovazione e sostenibilit\u00e0, offrendo soluzioni decorative di alta qualit\u00e0 nel rispetto dell\u2019ambiente.[\/vc_column_text][vc_btn title=&#8221;Scopri di pi\u00f9&#8221; i_align=&#8221;right&#8221; i_icon_fontawesome=&#8221;fas fa-arrow-right&#8221; css=&#8221;&#8221; add_icon=&#8221;true&#8221; link=&#8221;url:https%3A%2F%2Fnewvalpaint.wp.jef.it%2Fsostenibilita%2Fprodotti-sostenibili|title:Prodotti%20sostenibili&#8221; el_class=&#8221;mybutton_green&#8221;][\/vc_column][\/vc_row][vc_row full_width=&#8221;stretch_row_content_no_spaces&#8221; equal_height=&#8221;yes&#8221; content_placement=&#8221;middle&#8221; disable_element=&#8221;yes&#8221; css=&#8221;.vc_custom_1774266101865{background-color: #F1F1F1 !important;}&#8221; el_class=&#8221;row_grey_sostenibilita mypadding_bottom90&#8243;][vc_column width=&#8221;1\/2&#8243; el_class=&#8221;col_img_sostenibilita&#8221;][vc_single_image image=&#8221;1390&#8243; img_size=&#8221;full&#8221; css=&#8221;&#8221;][\/vc_column][vc_column width=&#8221;1\/2&#8243; el_class=&#8221;txt_block_sostenibilita&#8221;][vc_custom_heading text=&#8221;SOSTENIBILITA'&#8221; font_container=&#8221;tag:h4|text_align:left&#8221; use_theme_fonts=&#8221;yes&#8221; css=&#8221;&#8221; el_class=&#8221;toptitle&#8221;][vc_custom_heading text=&#8221;I nostri prodotti innovativi&#8221; font_container=&#8221;tag:h3|text_align:left&#8221; use_theme_fonts=&#8221;yes&#8221; css=&#8221;&#8221; el_class=&#8221;title&#8221;][vc_column_text css=&#8221;&#8221;]I prodotti VALPAINT uniscono innovazione e sostenibilit\u00e0, offrendo soluzioni decorative di alta qualit\u00e0 nel rispetto dell\u2019ambiente.[\/vc_column_text][vc_btn title=&#8221;Scopri di pi\u00f9&#8221; i_align=&#8221;right&#8221; i_icon_fontawesome=&#8221;fas fa-arrow-right&#8221; css=&#8221;&#8221; add_icon=&#8221;true&#8221; link=&#8221;url:https%3A%2F%2Fnewvalpaint.wp.jef.it%2Fsostenibilita%2Fprodotti-sostenibili|title:Prodotti%20sostenibili&#8221; el_class=&#8221;mybutton_green&#8221;][\/vc_column][\/vc_row]<\/p>\n<\/div>","protected":false},"excerpt":{"rendered":"<p>[vc_row el_class=&#8221;titlepage txt_intro_sostenibilita&#8221;][vc_column][vc_custom_heading text=&#8221;Sostenibilit\u00e0&#8221; use_theme_fonts=&#8221;yes&#8221; css=&#8221;&#8221;][vc_column_text css=&#8221;&#8221;]La sostenibilit\u00e0 \u00e8 una priorit\u00e0 per VALPAINT, infatti riteniamo necessario proteggere l&#8217;ambiente e migliorare la qualit\u00e0 della vita delle persone. Per questo motivo, ci impegniamo a sviluppare prodotti e processi che siano sempre pi\u00f9 sostenibili. Il nostro obiettivo \u00e8 diventare un&#8217;azienda completamente sostenibile.[\/vc_column_text][vc_column_text css=&#8221;&#8221;]Per raggiungere questo obiettivo, ci impegniamo [&hellip;]<\/p>\n","protected":false},"author":1,"featured_media":1369,"parent":0,"menu_order":0,"comment_status":"closed","ping_status":"closed","template":"","meta":{"_acf_changed":false,"footnotes":""},"class_list":["post-1367","page","type-page","status-publish","has-post-thumbnail","hentry"],"acf":[],"_links":{"self":[{"href":"https:\/\/newvalpaint.wp.jef.it\/it\/wp-json\/wp\/v2\/pages\/1367","targetHints":{"allow":["GET"]}}],"collection":[{"href":"https:\/\/newvalpaint.wp.jef.it\/it\/wp-json\/wp\/v2\/pages"}],"about":[{"href":"https:\/\/newvalpaint.wp.jef.it\/it\/wp-json\/wp\/v2\/types\/page"}],"author":[{"embeddable":true,"href":"https:\/\/newvalpaint.wp.jef.it\/it\/wp-json\/wp\/v2\/users\/1"}],"replies":[{"embeddable":true,"href":"https:\/\/newvalpaint.wp.jef.it\/it\/wp-json\/wp\/v2\/comments?post=1367"}],"version-history":[{"count":41,"href":"https:\/\/newvalpaint.wp.jef.it\/it\/wp-json\/wp\/v2\/pages\/1367\/revisions"}],"predecessor-version":[{"id":67995,"href":"https:\/\/newvalpaint.wp.jef.it\/it\/wp-json\/wp\/v2\/pages\/1367\/revisions\/67995"}],"wp:featuredmedia":[{"embeddable":true,"href":"https:\/\/newvalpaint.wp.jef.it\/it\/wp-json\/wp\/v2\/media\/1369"}],"wp:attachment":[{"href":"https:\/\/newvalpaint.wp.jef.it\/it\/wp-json\/wp\/v2\/media?parent=1367"}],"curies":[{"name":"wp","href":"https:\/\/api.w.org\/{rel}","templated":true}]}}