{"id":1306,"date":"2025-03-12T16:34:03","date_gmt":"2025-03-12T16:34:03","guid":{"rendered":"https:\/\/newvalpaint.wp.jef.it\/?page_id=1306"},"modified":"2025-04-22T16:27:07","modified_gmt":"2025-04-22T15:27:07","slug":"lavora-con-noi","status":"publish","type":"page","link":"https:\/\/newvalpaint.wp.jef.it\/it\/lavora-con-noi","title":{"rendered":"Lavora con noi"},"content":{"rendered":"<div class=\"wpb-content-wrapper\"><p>[vc_row el_class=&#8221;titlepage&#8221;][vc_column][vc_custom_heading text=&#8221;Lavora con noi&#8221; use_theme_fonts=&#8221;yes&#8221; css=&#8221;&#8221;][vc_column_text css=&#8221;&#8221;]<strong>Invia la tua candidatura spontanea!\u2028<\/strong><br \/>\nIn VALPAINT, crediamo che le persone siano il cuore pulsante del nostro successo. Se condividi la nostra <strong>passione per l&#8217;innovazione<\/strong>, la <strong>qualit\u00e0 e la sostenibilit\u00e0<\/strong>, inviaci il tuo CV aggiornato e una <strong>lettera di motivazione<\/strong> che spieghi perch\u00e9 desideri unirti a VALPAINT e quali <strong>competenze uniche<\/strong> puoi apportare.[\/vc_column_text][\/vc_column][\/vc_row][vc_row row_title=&#8221;row_form&#8221;][vc_column el_class=&#8221;col_row_form&#8221;]\n<div class=\"wpcf7 no-js\" id=\"wpcf7-f1311-o1\" lang=\"it-IT\" dir=\"ltr\" data-wpcf7-id=\"1311\">\n<div class=\"screen-reader-response\"><p role=\"status\" aria-live=\"polite\" aria-atomic=\"true\"><\/p> <ul><\/ul><\/div>\n<form action=\"\/it\/wp-json\/wp\/v2\/pages\/1306#wpcf7-f1311-o1\" method=\"post\" class=\"wpcf7-form init\" aria-label=\"Modulo di contatto\" enctype=\"multipart\/form-data\" novalidate=\"novalidate\" data-status=\"init\">\n<div style=\"display: none;\">\n<input type=\"hidden\" name=\"_wpcf7\" value=\"1311\" \/>\n<input type=\"hidden\" name=\"_wpcf7_version\" value=\"6.0.6\" \/>\n<input type=\"hidden\" name=\"_wpcf7_locale\" value=\"it_IT\" \/>\n<input type=\"hidden\" name=\"_wpcf7_unit_tag\" value=\"wpcf7-f1311-o1\" \/>\n<input type=\"hidden\" name=\"_wpcf7_container_post\" value=\"0\" \/>\n<input type=\"hidden\" name=\"_wpcf7_posted_data_hash\" value=\"\" \/>\n<\/div>\n<div class=\"container_label_cf7\">\n<div class=\"cf7_left\">\n<label>\n<span class=\"wpcf7-form-control-wrap\" data-name=\"your-nome\"><input size=\"40\" maxlength=\"400\" class=\"wpcf7-form-control wpcf7-text wpcf7-validates-as-required\" aria-required=\"true\" aria-invalid=\"false\" placeholder=\"Nome\" value=\"\" type=\"text\" name=\"your-nome\" \/><\/span> \n<\/label>\n<label>\n<span class=\"wpcf7-form-control-wrap\" data-name=\"your-email\"><input size=\"40\" maxlength=\"400\" class=\"wpcf7-form-control wpcf7-email wpcf7-validates-as-required wpcf7-text wpcf7-validates-as-email\" aria-required=\"true\" aria-invalid=\"false\" placeholder=\"Email*\" value=\"\" type=\"email\" name=\"your-email\" \/><\/span> \n<\/label>\n<label>\n<span class=\"wpcf7-form-control-wrap\" data-name=\"your-citta\"><input size=\"40\" maxlength=\"400\" class=\"wpcf7-form-control wpcf7-text\" aria-invalid=\"false\" placeholder=\"Citt\u00e0\" value=\"\" type=\"text\" name=\"your-citta\" \/><\/span> \n<\/label>\n<label>\n<span class=\"wpcf7-form-control-wrap\" data-name=\"your-provincia\"><input size=\"40\" maxlength=\"400\" class=\"wpcf7-form-control wpcf7-text\" aria-invalid=\"false\" placeholder=\"Provincia\" value=\"\" type=\"text\" name=\"your-provincia\" \/><\/span> \n<\/label>\n<\/div>\n\n\n<div class=\"cf7_right\">\n<label>\n<span class=\"wpcf7-form-control-wrap\" data-name=\"your-cognome\"><input size=\"40\" maxlength=\"400\" class=\"wpcf7-form-control wpcf7-text wpcf7-validates-as-required\" aria-required=\"true\" aria-invalid=\"false\" placeholder=\"Cognome\" value=\"\" type=\"text\" name=\"your-cognome\" \/><\/span> \n<\/label>\n<label>\n<span class=\"wpcf7-form-control-wrap\" data-name=\"your-indirizzo\"><input size=\"40\" maxlength=\"400\" class=\"wpcf7-form-control wpcf7-text\" aria-invalid=\"false\" placeholder=\"Indirizzo\" value=\"\" type=\"text\" name=\"your-indirizzo\" \/><\/span> \n<\/label>\n<label>\n<span class=\"wpcf7-form-control-wrap\" data-name=\"your-cap\"><input size=\"40\" maxlength=\"400\" class=\"wpcf7-form-control wpcf7-text\" aria-invalid=\"false\" placeholder=\"CAP\" value=\"\" type=\"text\" name=\"your-cap\" \/><\/span> \n<\/label>\n<label>\n<span class=\"wpcf7-form-control-wrap\" data-name=\"your-telefono\"><input size=\"40\" maxlength=\"400\" class=\"wpcf7-form-control wpcf7-text\" aria-invalid=\"false\" placeholder=\"Telefono\" value=\"\" type=\"text\" name=\"your-telefono\" \/><\/span> \n<\/label>\n<\/div>\n<\/div>\n\n<div class=\"cf7_full\">\n<div class=\"upload_cf7\">Curriculum Vitae* - Upload Max 10MB <span class=\"wpcf7-form-control-wrap\" data-name=\"file-797_cv_lavora_con_noi\"><input size=\"40\" class=\"wpcf7-form-control wpcf7-file wpcf7-validates-as-required\" accept=\".pdf\" aria-required=\"true\" aria-invalid=\"false\" type=\"file\" name=\"file-797_cv_lavora_con_noi\" \/><\/span><\/div>\n<span class=\"wpcf7-form-control-wrap\" data-name=\"textarea-696\"><textarea cols=\"40\" rows=\"10\" maxlength=\"2000\" class=\"wpcf7-form-control wpcf7-textarea\" aria-invalid=\"false\" placeholder=\"Messaggio\" name=\"textarea-696\"><\/textarea><\/span>\n<span class=\"wpcf7-form-control-wrap\" data-name=\"acceptance-676\"><span class=\"wpcf7-form-control wpcf7-acceptance\"><span class=\"wpcf7-list-item\"><label><input type=\"checkbox\" name=\"acceptance-676\" value=\"1\" aria-invalid=\"false\" \/><span class=\"wpcf7-list-item-label\"><p>Ho letto la <a href=\"#\" target=\"_blank\">Privacy Policy<\/a> fornita da Valpaint in qualit\u00e0 di titolare del trattamento e acconsento al trattamento dei miei dati per la \ufb01nalit\u00e0 indicata<\/p><\/span><\/label><\/span><\/span><\/span>\n<\/div>\n\n\n<input class=\"wpcf7-form-control wpcf7-submit has-spinner\" type=\"submit\" value=\"Invia la tua candidatura\" \/><div class=\"wpcf7-response-output\" aria-hidden=\"true\"><\/div>\n<\/form>\n<\/div>\n[\/vc_column][\/vc_row]<\/p>\n<\/div>","protected":false},"excerpt":{"rendered":"<p>[vc_row el_class=&#8221;titlepage&#8221;][vc_column][vc_custom_heading text=&#8221;Lavora con noi&#8221; use_theme_fonts=&#8221;yes&#8221; css=&#8221;&#8221;][vc_column_text css=&#8221;&#8221;]Invia la tua candidatura spontanea!\u2028 In VALPAINT, crediamo che le persone siano il cuore pulsante del nostro successo. Se condividi la nostra passione per l&#8217;innovazione, la qualit\u00e0 e la sostenibilit\u00e0, inviaci il tuo CV aggiornato e una lettera di motivazione che spieghi perch\u00e9 desideri unirti a VALPAINT e [&hellip;]<\/p>\n","protected":false},"author":1,"featured_media":31247,"parent":0,"menu_order":0,"comment_status":"closed","ping_status":"closed","template":"","meta":{"_acf_changed":false,"footnotes":""},"class_list":["post-1306","page","type-page","status-publish","has-post-thumbnail","hentry"],"acf":[],"_links":{"self":[{"href":"https:\/\/newvalpaint.wp.jef.it\/it\/wp-json\/wp\/v2\/pages\/1306","targetHints":{"allow":["GET"]}}],"collection":[{"href":"https:\/\/newvalpaint.wp.jef.it\/it\/wp-json\/wp\/v2\/pages"}],"about":[{"href":"https:\/\/newvalpaint.wp.jef.it\/it\/wp-json\/wp\/v2\/types\/page"}],"author":[{"embeddable":true,"href":"https:\/\/newvalpaint.wp.jef.it\/it\/wp-json\/wp\/v2\/users\/1"}],"replies":[{"embeddable":true,"href":"https:\/\/newvalpaint.wp.jef.it\/it\/wp-json\/wp\/v2\/comments?post=1306"}],"version-history":[{"count":12,"href":"https:\/\/newvalpaint.wp.jef.it\/it\/wp-json\/wp\/v2\/pages\/1306\/revisions"}],"predecessor-version":[{"id":31263,"href":"https:\/\/newvalpaint.wp.jef.it\/it\/wp-json\/wp\/v2\/pages\/1306\/revisions\/31263"}],"wp:featuredmedia":[{"embeddable":true,"href":"https:\/\/newvalpaint.wp.jef.it\/it\/wp-json\/wp\/v2\/media\/31247"}],"wp:attachment":[{"href":"https:\/\/newvalpaint.wp.jef.it\/it\/wp-json\/wp\/v2\/media?parent=1306"}],"curies":[{"name":"wp","href":"https:\/\/api.w.org\/{rel}","templated":true}]}}