{"id":1246,"date":"2025-03-11T09:47:49","date_gmt":"2025-03-11T09:47:49","guid":{"rendered":"https:\/\/newvalpaint.wp.jef.it\/?page_id=1246"},"modified":"2026-02-17T17:38:40","modified_gmt":"2026-02-17T16:38:40","slug":"chi-siamo","status":"publish","type":"page","link":"https:\/\/newvalpaint.wp.jef.it\/it\/chi-siamo","title":{"rendered":"Chi Siamo"},"content":{"rendered":"<div class=\"wpb-content-wrapper\"><p>[vc_row el_class=&#8221;titlepage&#8221;][vc_column][vc_custom_heading text=&#8221;VALPAINT S.p.A.&#8221; use_theme_fonts=&#8221;yes&#8221; css=&#8221;&#8221;][vc_column_text css=&#8221;&#8221;]VALPAINT \u00e8 leader nella produzione di pitture e rivestimenti per la decorazione di interni ed esterni. Fondata nel 1988 da Ferdinando Sarti, \u00e8 oggi considerata una delle aziende italiane del settore vernici pi\u00f9 avanzate dal punto di vista tecnologico grazie a laboratori interni di ricerca e sviluppo che si avvalgono della collaborazione di esperti chimici e tecnici a disposizione del cliente per produrre soluzioni mirate ed ottimali.[\/vc_column_text][vc_column_text css=&#8221;&#8221;]VALPAINT realizza prodotti altamente qualitativi ed innovativi, sempre nel pieno rispetto dell&#8217;ambiente. Nel 2006 ottiene, la Certificazione di Qualit\u00e0 ISO 9001 alla quale si aggiunge, nel 2009, la Certificazione Ambientale ISO 14001 per il rispetto dell\u2019Ambiente nell\u2019ambito dei processi produttivi.[\/vc_column_text][vc_column_text css=&#8221;&#8221;]Inoltre sono stati attivati diversi Progetti per produzioni eco-sostenibili in collaborazione e sotto la supervisione di prestigiose Universit\u00e0 Italiane (Universit\u00e0 degli Studi di Urbino, Universit\u00e0 Politecnica delle Marche&#8230;).[\/vc_column_text][\/vc_column][\/vc_row][vc_row full_width=&#8221;stretch_row&#8221; css=&#8221;.vc_custom_1741774405017{padding-top: 60px !important;background-color: #F4F1F1 !important;}&#8221; row_title=&#8221;Le nostre sedi&#8221; el_class=&#8221;block_txt_page&#8221;][vc_column css=&#8221;.vc_custom_1741774517159{padding-right: 0px !important;padding-left: 0px !important;}&#8221;][vc_custom_heading text=&#8221;Le nostre sedi&#8221; font_container=&#8221;tag:h3|text_align:left&#8221; use_theme_fonts=&#8221;yes&#8221; css=&#8221;&#8221;][vc_row_inner][vc_column_inner width=&#8221;1\/2&#8243;][vc_column_text css=&#8221;&#8221;]La VALPAINT \u00e8 presente sul mercato italiano attraverso una capillare rete di vendita e sui mercati internazionali con distributori e filiali proprie gestite da personale altamente specializzato.[\/vc_column_text][\/vc_column_inner][vc_column_inner width=&#8221;1\/2&#8243;][vc_column_text css=&#8221;&#8221;]La VALPAINT \u00e8 stata iscritta nella banca dati degli esportatori registrati (sistema REX) ed ha ottenuto l&#8217;autorizzazione allo status di\u00a0Esportatore Autorizzato per gli scambi commerciali.[\/vc_column_text][\/vc_column_inner][\/vc_row_inner][\/vc_column][\/vc_row][vc_row full_width=&#8221;stretch_row&#8221; css=&#8221;.vc_custom_1742459423617{background-color: #F4F1F1 !important;}&#8221; el_class=&#8221;row_button_filiali&#8221;][vc_column][vc_btn title=&#8221;Scopri le sedi Valpaint in Italia e nel Mondo&#8221; align=&#8221;left&#8221; i_align=&#8221;right&#8221; i_icon_fontawesome=&#8221;fas fa-arrow-right&#8221; css=&#8221;&#8221; add_icon=&#8221;true&#8221; link=&#8221;url:https%3A%2F%2Fnewvalpaint.wp.jef.it%2Ffiliali|title:Filiera&#8221; el_class=&#8221;mybutton_black&#8221;][\/vc_column][\/vc_row][vc_row full_width=&#8221;stretch_row&#8221; css=&#8221;.vc_custom_1741774422297{padding-bottom: 60px !important;background-color: #F4F1F1 !important;}&#8221; el_class=&#8221;block_txt_page row_elenco_sedi&#8221;][vc_column width=&#8221;1\/3&#8243; el_class=&#8221;colsedi&#8221;][vc_custom_heading text=&#8221;Sede Principale:&#8221; font_container=&#8221;tag:h4|text_align:left&#8221; use_theme_fonts=&#8221;yes&#8221; css=&#8221;&#8221;][vc_column_text css=&#8221;&#8221;]HEAD OFFICE<br \/>\nVALPAINT S.p.A.<br \/>\nVia dell&#8217;industria, 80<br \/>\n60020 Polverigi (AN)<br \/>\nITALIA[\/vc_column_text][vc_column_text css=&#8221;&#8221;]SHOW ROOM<br \/>\nPiazza Armando Diaz, 5<br \/>\n20121 MILANO (MI) &#8211; ITALY<br \/>\nLuned\u00ec &#8211; Venerd\u00ec<br \/>\n09:30 &#8211; 18:30[\/vc_column_text][\/vc_column][vc_column width=&#8221;1\/3&#8243; el_class=&#8221;colsedi&#8221;][vc_custom_heading text=&#8221;In Europa:&#8221; font_container=&#8221;tag:h4|text_align:left&#8221; use_theme_fonts=&#8221;yes&#8221; css=&#8221;&#8221;][vc_column_text css=&#8221;&#8221;]VALPAINT ESPA\u00d1A S.L.<br \/>\nBurgos (Spagna)[\/vc_column_text][vc_column_text css=&#8221;&#8221;]VALPAINT DESIGN D.O.O.<br \/>\nZagreb (Croazia)[\/vc_column_text][\/vc_column][vc_column width=&#8221;1\/3&#8243; el_class=&#8221;colsedi&#8221;][vc_custom_heading text=&#8221;Nel Mondo:&#8221; font_container=&#8221;tag:h4|text_align:left&#8221; use_theme_fonts=&#8221;yes&#8221; css=&#8221;&#8221;][vc_column_text css=&#8221;&#8221;]VALPAINT DESIGN D.O.O.<br \/>\nSarajevo (Bosnia Herzegovine)[\/vc_column_text][vc_column_text css=&#8221;&#8221;]VALPAINT DESIGN D.O.O.<br \/>\nPodgorica (Montenegro)[\/vc_column_text][vc_column_text css=&#8221;&#8221;]VALPAINT EXPORT S.A.<br \/>\nZaghouan (Tunisia)[\/vc_column_text][vc_column_text css=&#8221;&#8221;]VALPAINT EXPORT S.A.<br \/>\n2\u00b0 Stabilimento\u2028Charguia 2 (Tunisia)[\/vc_column_text][\/vc_column][\/vc_row][vc_row full_width=&#8221;stretch_row&#8221; css=&#8221;.vc_custom_1741775241358{padding-top: 60px !important;background-color: #FFFFFF !important;}&#8221; row_title=&#8221;Documentazione&#8221; el_class=&#8221;block_txt_page&#8221;][vc_column css=&#8221;.vc_custom_1741774517159{padding-right: 0px !important;padding-left: 0px !important;}&#8221;][vc_custom_heading text=&#8221;Documentazione&#8221; font_container=&#8221;tag:h3|text_align:left&#8221; use_theme_fonts=&#8221;yes&#8221; css=&#8221;&#8221;][vc_row_inner][vc_column_inner]<div class=\"container p-0\">\n\n\t\t<!-- <div class=\"row\">\n            <h4>Documentazione<\/h4>\n        <\/div> -->\n\n\n        \n            <div class=\"row listadocumenti\">\n\n            \n\n            \n            <button class=\"rigaschede\">\n            <a href=\"https:\/\/newvalpaint.wp.jef.it\/wp-content\/uploads\/2025\/03\/CondizioniVendita_IT.pdf\" target=\"_blank\">\n            <svg xmlns=\"http:\/\/www.w3.org\/2000\/svg\" viewBox=\"0 0 64 64\" id=\"pdf\">\n            <g>\n                <path d=\"M19.46 57a4.061 4.061 0 0 0 3.57-2.08l2.34-4.12h9.26l2.34 4.12a4.1 4.1 0 1 0 3.57-6.12h-4.72l-4.68-8.86 2.44-4.22a4.133 4.133 0 1 0-7.16 0l2.44 4.22-4.68 8.86h-4.72a4.1 4.1 0 0 0 0 8.2Zm21.08-6.2a2.082 2.082 0 0 1 1.81 1.04 2.1 2.1 0 1 1-3.64 2.09l-1.78-3.13ZM28.16 34.72a2.126 2.126 0 1 1 3.68 0L30 37.92ZM30 42.06l3.56 6.74h-7.12Zm-12.35 9.78a2.082 2.082 0 0 1 1.81-1.04h3.61l-1.78 3.13a2.1 2.1 0 1 1-3.64-2.09Z\"><\/path>\n                <path d=\"M57 2H11a1 1 0 0 0-1 1v3H7a1 1 0 0 0-1 1v54a1 1 0 0 0 1 1h46a1 1 0 0 0 1-1v-3h3a1 1 0 0 0 1-1V3a1 1 0 0 0-1-1Zm-46 9a1 1 0 0 1 1-1h3.5a3.5 3.5 0 0 1 0 7H13v4a1 1 0 0 1-2 0Zm41 49H8V26h44ZM21 21V11a1 1 0 0 1 1-1h2a5 5 0 0 1 5 5v2a5 5 0 0 1-5 5h-2a1 1 0 0 1-1-1Zm16-6a1 1 0 0 1 0 2h-4v4a1 1 0 0 1-2 0V11a1 1 0 0 1 1-1h6a1 1 0 0 1 0 2h-5v3Zm7 0V9.41L50.59 16H45a1 1 0 0 1-1-1Zm12 41h-2V17a1.033 1.033 0 0 0-.29-.71l-10-10A1.033 1.033 0 0 0 43 6H12V4h44Z\"><\/path>\n                <path d=\"M27 17v-2a3.009 3.009 0 0 0-3-3h-1v8h1a3.009 3.009 0 0 0 3-3zm-10-3.5a1.5 1.5 0 0 0-1.5-1.5H13v3h2.5a1.5 1.5 0 0 0 1.5-1.5z\"><\/path>\n            <\/g>\n            <\/svg>\n\n            Condizioni Generali di Vendita            \n            <svg class=\"iconadownload_prod\" xmlns=\"http:\/\/www.w3.org\/2000\/svg\" width=\"40\" height=\"40\" viewBox=\"0 0 64 64\">\n                <path style=\"stroke:none;fill-opacity:1\" d=\"M2 39.602c1.105 0 2 .894 2 2v10a4 4 0 0 0 4 4h48a4 4 0 0 0 4-4v-10c0-1.106.895-2 2-2s2 .894 2 2v10a8 8 0 0 1-8 8H8a8 8 0 0 1-8-8v-10c0-1.106.895-2 2-2Zm0 0\"\/>\n                <path style=\"stroke:none;fill-opacity:1\" d=\"M30.586 47.414a1.986 1.986 0 0 0 2.828 0l12-12a1.992 1.992 0 0 0 0-2.828 1.992 1.992 0 0 0-2.828 0L34 41.172V6a1.999 1.999 0 1 0-4 0v35.172l-8.586-8.586a1.992 1.992 0 0 0-2.828 0 1.992 1.992 0 0 0 0 2.828Zm0 0\"\/>\n             <\/svg>\n\n            <\/a>\n            <\/button>\n\n        \n            \n            \n\n            \n            <button class=\"rigaschede\">\n            <a href=\"https:\/\/newvalpaint.wp.jef.it\/wp-content\/uploads\/2025\/03\/CERTIFICATO-DI-GARANZIA.pdf\" target=\"_blank\">\n            <svg xmlns=\"http:\/\/www.w3.org\/2000\/svg\" viewBox=\"0 0 64 64\" id=\"pdf\">\n            <g>\n                <path d=\"M19.46 57a4.061 4.061 0 0 0 3.57-2.08l2.34-4.12h9.26l2.34 4.12a4.1 4.1 0 1 0 3.57-6.12h-4.72l-4.68-8.86 2.44-4.22a4.133 4.133 0 1 0-7.16 0l2.44 4.22-4.68 8.86h-4.72a4.1 4.1 0 0 0 0 8.2Zm21.08-6.2a2.082 2.082 0 0 1 1.81 1.04 2.1 2.1 0 1 1-3.64 2.09l-1.78-3.13ZM28.16 34.72a2.126 2.126 0 1 1 3.68 0L30 37.92ZM30 42.06l3.56 6.74h-7.12Zm-12.35 9.78a2.082 2.082 0 0 1 1.81-1.04h3.61l-1.78 3.13a2.1 2.1 0 1 1-3.64-2.09Z\"><\/path>\n                <path d=\"M57 2H11a1 1 0 0 0-1 1v3H7a1 1 0 0 0-1 1v54a1 1 0 0 0 1 1h46a1 1 0 0 0 1-1v-3h3a1 1 0 0 0 1-1V3a1 1 0 0 0-1-1Zm-46 9a1 1 0 0 1 1-1h3.5a3.5 3.5 0 0 1 0 7H13v4a1 1 0 0 1-2 0Zm41 49H8V26h44ZM21 21V11a1 1 0 0 1 1-1h2a5 5 0 0 1 5 5v2a5 5 0 0 1-5 5h-2a1 1 0 0 1-1-1Zm16-6a1 1 0 0 1 0 2h-4v4a1 1 0 0 1-2 0V11a1 1 0 0 1 1-1h6a1 1 0 0 1 0 2h-5v3Zm7 0V9.41L50.59 16H45a1 1 0 0 1-1-1Zm12 41h-2V17a1.033 1.033 0 0 0-.29-.71l-10-10A1.033 1.033 0 0 0 43 6H12V4h44Z\"><\/path>\n                <path d=\"M27 17v-2a3.009 3.009 0 0 0-3-3h-1v8h1a3.009 3.009 0 0 0 3-3zm-10-3.5a1.5 1.5 0 0 0-1.5-1.5H13v3h2.5a1.5 1.5 0 0 0 1.5-1.5z\"><\/path>\n            <\/g>\n            <\/svg>\n\n            Certificato di Garanzia            \n            <svg class=\"iconadownload_prod\" xmlns=\"http:\/\/www.w3.org\/2000\/svg\" width=\"40\" height=\"40\" viewBox=\"0 0 64 64\">\n                <path style=\"stroke:none;fill-opacity:1\" d=\"M2 39.602c1.105 0 2 .894 2 2v10a4 4 0 0 0 4 4h48a4 4 0 0 0 4-4v-10c0-1.106.895-2 2-2s2 .894 2 2v10a8 8 0 0 1-8 8H8a8 8 0 0 1-8-8v-10c0-1.106.895-2 2-2Zm0 0\"\/>\n                <path style=\"stroke:none;fill-opacity:1\" d=\"M30.586 47.414a1.986 1.986 0 0 0 2.828 0l12-12a1.992 1.992 0 0 0 0-2.828 1.992 1.992 0 0 0-2.828 0L34 41.172V6a1.999 1.999 0 1 0-4 0v35.172l-8.586-8.586a1.992 1.992 0 0 0-2.828 0 1.992 1.992 0 0 0 0 2.828Zm0 0\"\/>\n             <\/svg>\n\n            <\/a>\n            <\/button>\n\n        \n            \n            \n\n            \n            <button class=\"rigaschede\">\n            <a href=\"https:\/\/newvalpaint.wp.jef.it\/wp-content\/uploads\/2025\/03\/Certificazione-Rex_Autorizzazione-Status.pdf\" target=\"_blank\">\n            <svg xmlns=\"http:\/\/www.w3.org\/2000\/svg\" viewBox=\"0 0 64 64\" id=\"pdf\">\n            <g>\n                <path d=\"M19.46 57a4.061 4.061 0 0 0 3.57-2.08l2.34-4.12h9.26l2.34 4.12a4.1 4.1 0 1 0 3.57-6.12h-4.72l-4.68-8.86 2.44-4.22a4.133 4.133 0 1 0-7.16 0l2.44 4.22-4.68 8.86h-4.72a4.1 4.1 0 0 0 0 8.2Zm21.08-6.2a2.082 2.082 0 0 1 1.81 1.04 2.1 2.1 0 1 1-3.64 2.09l-1.78-3.13ZM28.16 34.72a2.126 2.126 0 1 1 3.68 0L30 37.92ZM30 42.06l3.56 6.74h-7.12Zm-12.35 9.78a2.082 2.082 0 0 1 1.81-1.04h3.61l-1.78 3.13a2.1 2.1 0 1 1-3.64-2.09Z\"><\/path>\n                <path d=\"M57 2H11a1 1 0 0 0-1 1v3H7a1 1 0 0 0-1 1v54a1 1 0 0 0 1 1h46a1 1 0 0 0 1-1v-3h3a1 1 0 0 0 1-1V3a1 1 0 0 0-1-1Zm-46 9a1 1 0 0 1 1-1h3.5a3.5 3.5 0 0 1 0 7H13v4a1 1 0 0 1-2 0Zm41 49H8V26h44ZM21 21V11a1 1 0 0 1 1-1h2a5 5 0 0 1 5 5v2a5 5 0 0 1-5 5h-2a1 1 0 0 1-1-1Zm16-6a1 1 0 0 1 0 2h-4v4a1 1 0 0 1-2 0V11a1 1 0 0 1 1-1h6a1 1 0 0 1 0 2h-5v3Zm7 0V9.41L50.59 16H45a1 1 0 0 1-1-1Zm12 41h-2V17a1.033 1.033 0 0 0-.29-.71l-10-10A1.033 1.033 0 0 0 43 6H12V4h44Z\"><\/path>\n                <path d=\"M27 17v-2a3.009 3.009 0 0 0-3-3h-1v8h1a3.009 3.009 0 0 0 3-3zm-10-3.5a1.5 1.5 0 0 0-1.5-1.5H13v3h2.5a1.5 1.5 0 0 0 1.5-1.5z\"><\/path>\n            <\/g>\n            <\/svg>\n\n            Certificato Rex ed autorizzazione status            \n            <svg class=\"iconadownload_prod\" xmlns=\"http:\/\/www.w3.org\/2000\/svg\" width=\"40\" height=\"40\" viewBox=\"0 0 64 64\">\n                <path style=\"stroke:none;fill-opacity:1\" d=\"M2 39.602c1.105 0 2 .894 2 2v10a4 4 0 0 0 4 4h48a4 4 0 0 0 4-4v-10c0-1.106.895-2 2-2s2 .894 2 2v10a8 8 0 0 1-8 8H8a8 8 0 0 1-8-8v-10c0-1.106.895-2 2-2Zm0 0\"\/>\n                <path style=\"stroke:none;fill-opacity:1\" d=\"M30.586 47.414a1.986 1.986 0 0 0 2.828 0l12-12a1.992 1.992 0 0 0 0-2.828 1.992 1.992 0 0 0-2.828 0L34 41.172V6a1.999 1.999 0 1 0-4 0v35.172l-8.586-8.586a1.992 1.992 0 0 0-2.828 0 1.992 1.992 0 0 0 0 2.828Zm0 0\"\/>\n             <\/svg>\n\n            <\/a>\n            <\/button>\n\n        \n            \n            \n            <\/div><!-- row -->\n          \n        \n\n<\/div><!-- container -->[\/vc_column_inner][\/vc_row_inner][\/vc_column][\/vc_row]<\/p>\n<\/div>","protected":false},"excerpt":{"rendered":"<p>[vc_row el_class=&#8221;titlepage&#8221;][vc_column][vc_custom_heading text=&#8221;VALPAINT S.p.A.&#8221; use_theme_fonts=&#8221;yes&#8221; css=&#8221;&#8221;][vc_column_text css=&#8221;&#8221;]VALPAINT \u00e8 leader nella produzione di pitture e rivestimenti per la decorazione di interni ed esterni. Fondata nel 1988 da Ferdinando Sarti, \u00e8 oggi considerata una delle aziende italiane del settore vernici pi\u00f9 avanzate dal punto di vista tecnologico grazie a laboratori interni di ricerca e sviluppo che si [&hellip;]<\/p>\n","protected":false},"author":1,"featured_media":31164,"parent":0,"menu_order":0,"comment_status":"closed","ping_status":"closed","template":"","meta":{"_acf_changed":false,"footnotes":""},"class_list":["post-1246","page","type-page","status-publish","has-post-thumbnail","hentry"],"acf":[],"_links":{"self":[{"href":"https:\/\/newvalpaint.wp.jef.it\/it\/wp-json\/wp\/v2\/pages\/1246","targetHints":{"allow":["GET"]}}],"collection":[{"href":"https:\/\/newvalpaint.wp.jef.it\/it\/wp-json\/wp\/v2\/pages"}],"about":[{"href":"https:\/\/newvalpaint.wp.jef.it\/it\/wp-json\/wp\/v2\/types\/page"}],"author":[{"embeddable":true,"href":"https:\/\/newvalpaint.wp.jef.it\/it\/wp-json\/wp\/v2\/users\/1"}],"replies":[{"embeddable":true,"href":"https:\/\/newvalpaint.wp.jef.it\/it\/wp-json\/wp\/v2\/comments?post=1246"}],"version-history":[{"count":64,"href":"https:\/\/newvalpaint.wp.jef.it\/it\/wp-json\/wp\/v2\/pages\/1246\/revisions"}],"predecessor-version":[{"id":37646,"href":"https:\/\/newvalpaint.wp.jef.it\/it\/wp-json\/wp\/v2\/pages\/1246\/revisions\/37646"}],"wp:featuredmedia":[{"embeddable":true,"href":"https:\/\/newvalpaint.wp.jef.it\/it\/wp-json\/wp\/v2\/media\/31164"}],"wp:attachment":[{"href":"https:\/\/newvalpaint.wp.jef.it\/it\/wp-json\/wp\/v2\/media?parent=1246"}],"curies":[{"name":"wp","href":"https:\/\/api.w.org\/{rel}","templated":true}]}}